{"id":26126,"date":"2015-09-12T08:40:03","date_gmt":"2015-09-12T08:40:03","guid":{"rendered":"https:\/\/laobradelaiglesia.org\/misiones\/"},"modified":"2021-07-17T13:26:37","modified_gmt":"2021-07-17T13:26:37","slug":"misoes","status":"publish","type":"page","link":"https:\/\/laobradelaiglesia.org\/pt-pt\/misoes\/","title":{"rendered":"Miss\u00f5es"},"content":{"rendered":"<p><div class=\"fusion-fullwidth fullwidth-box fusion-builder-row-1 fusion-flex-container hundred-percent-fullwidth non-hundred-percent-height-scrolling\" style=\"--awb-border-radius-top-left:0px;--awb-border-radius-top-right:0px;--awb-border-radius-bottom-right:0px;--awb-border-radius-bottom-left:0px;--awb-overflow:visible;--awb-flex-wrap:wrap;\" ><div class=\"fusion-builder-row fusion-row fusion-flex-align-items-flex-start fusion-flex-content-wrap\" style=\"width:104% !important;max-width:104% !important;margin-left: calc(-4% \/ 2 );margin-right: calc(-4% \/ 2 );\"><div class=\"fusion-layout-column fusion_builder_column fusion-builder-column-0 fusion_builder_column_1_1 1_1 fusion-flex-column\" style=\"--awb-bg-size:cover;--awb-width-large:100%;--awb-margin-top-large:0px;--awb-spacing-right-large:1.92%;--awb-margin-bottom-large:20px;--awb-spacing-left-large:1.92%;--awb-width-medium:100%;--awb-spacing-right-medium:1.92%;--awb-spacing-left-medium:1.92%;--awb-width-small:100%;--awb-spacing-right-small:1.92%;--awb-spacing-left-small:1.92%;\"><div class=\"fusion-column-wrapper fusion-flex-justify-content-flex-start fusion-content-layout-column\">\n<div class=\"fusion-slider-revolution rev_slider_wrapper\">\t\t\t<!-- START Misiones REVOLUTION SLIDER 6.7.38 --><p class=\"rs-p-wp-fix\"><\/p>\n\t\t\t<rs-module-wrap id=\"rev_slider_16_1_wrapper\" data-source=\"gallery\" style=\"visibility:hidden;background:#E9E9E9;padding:0;margin:0px auto;margin-top:0;margin-bottom:0;\">\n\t\t\t\t<rs-module id=\"rev_slider_16_1\" style=\"\" data-version=\"6.7.38\">\n\t\t\t\t\t<rs-slides style=\"overflow: hidden; position: absolute;\">\n\t\t\t\t\t\t<rs-slide style=\"position: absolute;\" data-key=\"rs-144\" data-title=\"Slide\" data-anim=\"adpr:false;\" data-in=\"o:0;\" data-out=\"a:false;\">\n\t\t\t\t\t\t\t<img loading=\"lazy\" decoding=\"async\" src=\"\/\/laobradelaiglesia.org\/wp-content\/plugins\/revslider\/sr6\/assets\/assets\/dummy.png\" alt=\"\" title=\"020_MISIONES_WEB_PT\" width=\"1206\" height=\"350\" class=\"rev-slidebg tp-rs-img rs-lazyload\" data-lazyload=\"\/\/laobradelaiglesia.org\/wp-content\/uploads\/2021\/03\/020_MISIONES_WEB_PT.jpg\" data-bg=\"f:contain;\" data-no-retina>\n<!---->\t\t\t\t\t<\/rs-slide>\n\t\t\t\t\t\t<rs-slide style=\"position: absolute;\" data-key=\"rs-145\" data-title=\"Slide\" data-anim=\"adpr:false;\" data-in=\"o:0;\" data-out=\"a:false;\">\n\t\t\t\t\t\t\t<img loading=\"lazy\" decoding=\"async\" src=\"\/\/laobradelaiglesia.org\/wp-content\/plugins\/revslider\/sr6\/assets\/assets\/dummy.png\" alt=\"\" title=\"021_Actividades_Misiones_Igl_su_misterio_PT\" width=\"1206\" height=\"350\" class=\"rev-slidebg tp-rs-img rs-lazyload\" data-lazyload=\"\/\/laobradelaiglesia.org\/wp-content\/uploads\/2021\/03\/021_Actividades_Misiones_Igl_su_misterio_PT.jpg\" data-bg=\"f:contain;\" data-no-retina>\n<!---->\t\t\t\t\t<\/rs-slide>\n\t\t\t\t\t<\/rs-slides>\n\t\t\t\t<\/rs-module>\n\t\t\t\t<script>\n\t\t\t\t\tsetREVStartSize({c: 'rev_slider_16_1',rl:[1240,1024,778,480],el:[348],gw:[1198],gh:[348],type:'standard',justify:'',layout:'fullwidth',mh:\"348\"});if (window.RS_MODULES!==undefined && window.RS_MODULES.modules!==undefined && window.RS_MODULES.modules[\"revslider161\"]!==undefined) {window.RS_MODULES.modules[\"revslider161\"].once = false;window.revapi16 = undefined;if (window.RS_MODULES.checkMinimal!==undefined) window.RS_MODULES.checkMinimal()}\n\t\t\t\t<\/script>\n\t\t\t<\/rs-module-wrap>\n\t\t\t<!-- END REVOLUTION SLIDER -->\n<\/div><\/div><\/div><div class=\"fusion-layout-column fusion_builder_column fusion-builder-column-1 fusion_builder_column_1_1 1_1 fusion-flex-column\" style=\"--awb-bg-size:cover;--awb-width-large:100%;--awb-margin-top-large:0px;--awb-spacing-right-large:1.92%;--awb-margin-bottom-large:20px;--awb-spacing-left-large:1.92%;--awb-width-medium:100%;--awb-spacing-right-medium:1.92%;--awb-spacing-left-medium:1.92%;--awb-width-small:100%;--awb-spacing-right-small:1.92%;--awb-spacing-left-small:1.92%;\"><div class=\"fusion-column-wrapper fusion-flex-justify-content-flex-start fusion-content-layout-column\"><div class=\"fusion-title title fusion-title-1 fusion-sep-none fusion-title-text fusion-title-size-one\" style=\"--awb-margin-top-small:10px;--awb-margin-right-small:0px;--awb-margin-bottom-small:10px;--awb-margin-left-small:0px;\"><h1 class=\"fusion-title-heading title-heading-left fusion-responsive-typography-calculated\" style=\"margin:0;--fontSize:34;line-height:1.16;\">Miss\u00f5es<\/h1><\/div><\/div><\/div><div class=\"fusion-layout-column fusion_builder_column fusion-builder-column-2 fusion_builder_column_1_1 1_1 fusion-flex-column\" style=\"--awb-bg-size:cover;--awb-width-large:100%;--awb-margin-top-large:0px;--awb-spacing-right-large:1.92%;--awb-margin-bottom-large:1px;--awb-spacing-left-large:1.92%;--awb-width-medium:100%;--awb-spacing-right-medium:1.92%;--awb-spacing-left-medium:1.92%;--awb-width-small:100%;--awb-spacing-right-small:1.92%;--awb-spacing-left-small:1.92%;\"><div class=\"fusion-column-wrapper fusion-flex-justify-content-center fusion-content-layout-column\"><div class=\"fusion-text fusion-text-1\"><p style=\"text-align: justify;\"><span style=\"font-family: georgia,palatino; font-size: 20px; line-height: 24px; font-variant: small-caps;\">\u00ab\u201cVai e dize-o! Isto \u00e9 para todos!\u00bb<\/span><\/p>\n<p style=\"text-align: justify;\">Este mandato do Senhor, gravado na alma da M\u00e3e Trinidad, em dias de luz clar\u00edssima e viv\u00eancia profunda do mist\u00e9rio da Igreja, deixou-a marcada com a necessidade imperiosa de chegar a todos os rinc\u00f5es do mundo, para cantar a todos quanto Deus lhe dera para ajudar a Igreja.<\/p>\n<p style=\"text-align: justify;\">E chega verdadeiramente a todos; sobretudo na sua ora\u00e7\u00e3o de cada dia diante de Jesus no Sacr\u00e1rio, mas tamb\u00e9m procura faz\u00ea-lo atrav\u00e9s da sua Obra da Igreja.<\/p>\n<p style=\"text-align: justify;\">Em resposta, com frequ\u00eancia, \u00e0 peti\u00e7\u00e3o dos Senhores Bispos das cinco partes do mundo, membros de A Obra da Igreja viajam em miss\u00e3o apost\u00f3lica de v\u00e1rias semanas para organizarem retiros para sacerdotes, religiosos e religiosas, ou palestras e conviv\u00eancias para leigos, adultos e jovens nas suas pr\u00f3prias dioceses.<\/p>\n<p style=\"text-align: justify;\">Tudo isto, com o \u00fanico desejo e o anelo de viver e fazer realidade a voca\u00e7\u00e3o de A Obra da Igreja de ajudar o Papa e os Bispos na revitaliza\u00e7\u00e3o e renova\u00e7\u00e3o do viver de todos os membros da Igreja.<\/p>\n<\/div><\/div><\/div><\/div><\/div><div class=\"fusion-fullwidth fullwidth-box fusion-builder-row-2 fusion-flex-container nonhundred-percent-fullwidth non-hundred-percent-height-scrolling\" style=\"--awb-border-radius-top-left:0px;--awb-border-radius-top-right:0px;--awb-border-radius-bottom-right:0px;--awb-border-radius-bottom-left:0px;--awb-margin-top:50px;--awb-flex-wrap:wrap;\" ><div class=\"fusion-builder-row fusion-row fusion-flex-align-items-flex-start fusion-flex-content-wrap\" style=\"max-width:1456px;margin-left: calc(-4% \/ 2 );margin-right: calc(-4% \/ 2 );\"><div class=\"fusion-layout-column fusion_builder_column fusion-builder-column-3 fusion_builder_column_1_4 1_4 fusion-flex-column\" style=\"--awb-bg-size:cover;--awb-width-large:25%;--awb-margin-top-large:0px;--awb-spacing-right-large:7.68%;--awb-margin-bottom-large:20px;--awb-spacing-left-large:7.68%;--awb-width-medium:25%;--awb-order-medium:0;--awb-spacing-right-medium:7.68%;--awb-spacing-left-medium:7.68%;--awb-width-small:100%;--awb-order-small:0;--awb-spacing-right-small:1.92%;--awb-spacing-left-small:1.92%;\"><div class=\"fusion-column-wrapper fusion-column-has-shadow fusion-flex-justify-content-flex-start fusion-content-layout-column\"><div class=\"fusion-image-element \" style=\"text-align:center;--awb-caption-title-font-family:var(--h2_typography-font-family);--awb-caption-title-font-weight:var(--h2_typography-font-weight);--awb-caption-title-font-style:var(--h2_typography-font-style);--awb-caption-title-size:var(--h2_typography-font-size);--awb-caption-title-transform:var(--h2_typography-text-transform);--awb-caption-title-line-height:var(--h2_typography-line-height);--awb-caption-title-letter-spacing:var(--h2_typography-letter-spacing);\"><span class=\" fusion-imageframe imageframe-dropshadow imageframe-1 hover-type-zoomin fusion-animated\" style=\"border:3px solid #327482;-webkit-box-shadow: 3px 3px 7px rgba(0,0,0,0.3);box-shadow: 3px 3px 7px rgba(0,0,0,0.3);\" data-animationType=\"fadeInDown\" data-animationDuration=\"0.1\" data-animationOffset=\"top-into-view\"><a class=\"fusion-no-lightbox\" href=\"https:\/\/laobradelaiglesia.org\/pt-pt\/portfolio-items\/america\/\" target=\"_blank\" aria-label=\"022_misiones_america-WEB_PT\" rel=\"noopener noreferrer\"><img loading=\"lazy\" decoding=\"async\" width=\"300\" height=\"147\" src=\"http:\/\/laobradelaiglesia.org\/wp-content\/uploads\/2021\/03\/022_misiones_america-WEB_PT-300x147.jpg\" alt class=\"img-responsive wp-image-25116\" srcset=\"https:\/\/laobradelaiglesia.org\/wp-content\/uploads\/2021\/03\/022_misiones_america-WEB_PT-300x147.jpg 300w, https:\/\/laobradelaiglesia.org\/wp-content\/uploads\/2021\/03\/022_misiones_america-WEB_PT.jpg 530w\" sizes=\"(max-width: 300px) 100vw, 300px\" \/><\/a><\/span><\/div><\/div><\/div><div class=\"fusion-layout-column fusion_builder_column fusion-builder-column-4 fusion_builder_column_1_4 1_4 fusion-flex-column\" style=\"--awb-bg-size:cover;--awb-width-large:25%;--awb-margin-top-large:0px;--awb-spacing-right-large:7.68%;--awb-margin-bottom-large:20px;--awb-spacing-left-large:7.68%;--awb-width-medium:25%;--awb-order-medium:0;--awb-spacing-right-medium:7.68%;--awb-spacing-left-medium:7.68%;--awb-width-small:100%;--awb-order-small:0;--awb-spacing-right-small:1.92%;--awb-spacing-left-small:1.92%;\"><div class=\"fusion-column-wrapper fusion-column-has-shadow fusion-flex-justify-content-flex-start fusion-content-layout-column\"><div class=\"fusion-image-element \" style=\"text-align:center;--awb-caption-title-font-family:var(--h2_typography-font-family);--awb-caption-title-font-weight:var(--h2_typography-font-weight);--awb-caption-title-font-style:var(--h2_typography-font-style);--awb-caption-title-size:var(--h2_typography-font-size);--awb-caption-title-transform:var(--h2_typography-text-transform);--awb-caption-title-line-height:var(--h2_typography-line-height);--awb-caption-title-letter-spacing:var(--h2_typography-letter-spacing);\"><span class=\" fusion-imageframe imageframe-dropshadow imageframe-2 hover-type-zoomin fusion-animated\" style=\"border:3px solid #327482;-webkit-box-shadow: 3px 3px 7px rgba(0,0,0,0.3);box-shadow: 3px 3px 7px rgba(0,0,0,0.3);\" data-animationType=\"fadeInDown\" data-animationDuration=\"0.1\" data-animationOffset=\"top-into-view\"><a class=\"fusion-no-lightbox\" href=\"https:\/\/laobradelaiglesia.org\/pt-pt\/portfolio-items\/asia\/\" target=\"_blank\" aria-label=\"misiones_asia-WEB\" rel=\"noopener noreferrer\"><img loading=\"lazy\" decoding=\"async\" width=\"300\" height=\"147\" src=\"http:\/\/laobradelaiglesia.org\/wp-content\/uploads\/2018\/05\/misiones_asia-WEB-300x147.jpg\" alt class=\"img-responsive wp-image-22336\" srcset=\"https:\/\/laobradelaiglesia.org\/wp-content\/uploads\/2018\/05\/misiones_asia-WEB-300x147.jpg 300w, https:\/\/laobradelaiglesia.org\/wp-content\/uploads\/2018\/05\/misiones_asia-WEB.jpg 530w\" sizes=\"(max-width: 300px) 100vw, 300px\" \/><\/a><\/span><\/div><\/div><\/div><div class=\"fusion-layout-column fusion_builder_column fusion-builder-column-5 fusion_builder_column_1_4 1_4 fusion-flex-column\" style=\"--awb-bg-size:cover;--awb-width-large:25%;--awb-margin-top-large:0px;--awb-spacing-right-large:7.68%;--awb-margin-bottom-large:20px;--awb-spacing-left-large:7.68%;--awb-width-medium:25%;--awb-order-medium:0;--awb-spacing-right-medium:7.68%;--awb-spacing-left-medium:7.68%;--awb-width-small:100%;--awb-order-small:0;--awb-spacing-right-small:1.92%;--awb-spacing-left-small:1.92%;\"><div class=\"fusion-column-wrapper fusion-column-has-shadow fusion-flex-justify-content-flex-start fusion-content-layout-column\"><div class=\"fusion-image-element \" style=\"text-align:center;--awb-caption-title-font-family:var(--h2_typography-font-family);--awb-caption-title-font-weight:var(--h2_typography-font-weight);--awb-caption-title-font-style:var(--h2_typography-font-style);--awb-caption-title-size:var(--h2_typography-font-size);--awb-caption-title-transform:var(--h2_typography-text-transform);--awb-caption-title-line-height:var(--h2_typography-line-height);--awb-caption-title-letter-spacing:var(--h2_typography-letter-spacing);\"><span class=\" fusion-imageframe imageframe-dropshadow imageframe-3 hover-type-zoomin fusion-animated\" style=\"border:3px solid #327482;-webkit-box-shadow: 3px 3px 7px rgba(0,0,0,0.3);box-shadow: 3px 3px 7px rgba(0,0,0,0.3);\" data-animationType=\"fadeInDown\" data-animationDuration=\"0.1\" data-animationOffset=\"top-into-view\"><a class=\"fusion-no-lightbox\" href=\"https:\/\/laobradelaiglesia.org\/pt-pt\/portfolio-items\/africa\/\" target=\"_blank\" aria-label=\"misiones_africa-WEB\" rel=\"noopener noreferrer\"><img loading=\"lazy\" decoding=\"async\" width=\"300\" height=\"147\" src=\"http:\/\/laobradelaiglesia.org\/wp-content\/uploads\/2018\/05\/misiones_africa-WEB-300x147.jpg\" alt class=\"img-responsive wp-image-22341\" srcset=\"https:\/\/laobradelaiglesia.org\/wp-content\/uploads\/2018\/05\/misiones_africa-WEB-300x147.jpg 300w, https:\/\/laobradelaiglesia.org\/wp-content\/uploads\/2018\/05\/misiones_africa-WEB.jpg 530w\" sizes=\"(max-width: 300px) 100vw, 300px\" \/><\/a><\/span><\/div><\/div><\/div><div class=\"fusion-layout-column fusion_builder_column fusion-builder-column-6 fusion_builder_column_1_4 1_4 fusion-flex-column\" style=\"--awb-bg-size:cover;--awb-width-large:25%;--awb-margin-top-large:0px;--awb-spacing-right-large:7.68%;--awb-margin-bottom-large:20px;--awb-spacing-left-large:7.68%;--awb-width-medium:25%;--awb-order-medium:0;--awb-spacing-right-medium:7.68%;--awb-spacing-left-medium:7.68%;--awb-width-small:100%;--awb-order-small:0;--awb-spacing-right-small:1.92%;--awb-spacing-left-small:1.92%;\"><div class=\"fusion-column-wrapper fusion-column-has-shadow fusion-flex-justify-content-flex-start fusion-content-layout-column\"><div class=\"fusion-image-element \" style=\"text-align:center;--awb-caption-title-font-family:var(--h2_typography-font-family);--awb-caption-title-font-weight:var(--h2_typography-font-weight);--awb-caption-title-font-style:var(--h2_typography-font-style);--awb-caption-title-size:var(--h2_typography-font-size);--awb-caption-title-transform:var(--h2_typography-text-transform);--awb-caption-title-line-height:var(--h2_typography-line-height);--awb-caption-title-letter-spacing:var(--h2_typography-letter-spacing);\"><span class=\" fusion-imageframe imageframe-dropshadow imageframe-4 hover-type-zoomin fusion-animated\" style=\"border:3px solid #327482;-webkit-box-shadow: 3px 3px 7px rgba(0,0,0,0.3);box-shadow: 3px 3px 7px rgba(0,0,0,0.3);\" data-animationType=\"fadeInDown\" data-animationDuration=\"0.1\" data-animationOffset=\"top-into-view\"><a class=\"fusion-no-lightbox\" href=\"https:\/\/laobradelaiglesia.org\/pt-pt\/portfolio-items\/europa\/\" target=\"_blank\" aria-label=\"misiones_europa-WEB\" rel=\"noopener noreferrer\"><img loading=\"lazy\" loading=\"lazy\" decoding=\"async\" width=\"300\" height=\"147\" src=\"http:\/\/laobradelaiglesia.org\/wp-content\/uploads\/2018\/05\/misiones_europa-WEB-300x147.jpg\" alt class=\"img-responsive wp-image-22364\" srcset=\"https:\/\/laobradelaiglesia.org\/wp-content\/uploads\/2018\/05\/misiones_europa-WEB-300x147.jpg 300w, https:\/\/laobradelaiglesia.org\/wp-content\/uploads\/2018\/05\/misiones_europa-WEB.jpg 530w\" sizes=\"auto, (max-width: 300px) 100vw, 300px\" \/><\/a><\/span><\/div><\/div><\/div><\/div><\/div><div class=\"fusion-fullwidth fullwidth-box fusion-builder-row-3 fusion-flex-container nonhundred-percent-fullwidth non-hundred-percent-height-scrolling\" style=\"--awb-border-radius-top-left:0px;--awb-border-radius-top-right:0px;--awb-border-radius-bottom-right:0px;--awb-border-radius-bottom-left:0px;--awb-margin-top:50px;--awb-flex-wrap:wrap;\" ><div class=\"fusion-builder-row fusion-row fusion-flex-align-items-flex-start fusion-flex-content-wrap\" style=\"max-width:1456px;margin-left: calc(-4% \/ 2 );margin-right: calc(-4% \/ 2 );\"><div class=\"fusion-layout-column fusion_builder_column fusion-builder-column-7 fusion_builder_column_1_1 1_1 fusion-flex-column\" style=\"--awb-bg-size:cover;--awb-width-large:100%;--awb-margin-top-large:0px;--awb-spacing-right-large:1.92%;--awb-margin-bottom-large:20px;--awb-spacing-left-large:1.92%;--awb-width-medium:100%;--awb-order-medium:0;--awb-spacing-right-medium:1.92%;--awb-spacing-left-medium:1.92%;--awb-width-small:100%;--awb-order-small:0;--awb-spacing-right-small:1.92%;--awb-spacing-left-small:1.92%;\"><div class=\"fusion-column-wrapper fusion-column-has-shadow fusion-flex-justify-content-flex-start fusion-content-layout-column\"><iframe src=\"https:\/\/www.google.com\/maps\/d\/u\/1\/embed?mid=1A4Jcv2oKdQFYu4lCXfqBUApWVKhex3NU\" width=\"100%\" height=\"480\"><\/iframe><\/div><\/div><\/div><\/div><\/p>\n","protected":false},"excerpt":{"rendered":"","protected":false},"author":1,"featured_media":12476,"parent":0,"menu_order":0,"comment_status":"closed","ping_status":"closed","template":"","meta":{"footnotes":""},"class_list":["post-26126","page","type-page","status-publish","has-post-thumbnail","hentry"],"yoast_head":"<!-- This site is optimized with the Yoast SEO plugin v27.6 - https:\/\/yoast.com\/product\/yoast-seo-wordpress\/ -->\n<title>Miss\u00f5es - La Obra de la Iglesia<\/title>\n<meta name=\"description\" content=\"Misiones de La Obra de la Iglesia\" \/>\n<meta name=\"robots\" content=\"index, follow, max-snippet:-1, max-image-preview:large, max-video-preview:-1\" \/>\n<link rel=\"canonical\" href=\"https:\/\/laobradelaiglesia.org\/pt-pt\/misoes\/\" \/>\n<meta property=\"og:locale\" content=\"pt_PT\" \/>\n<meta property=\"og:type\" content=\"article\" \/>\n<meta property=\"og:title\" content=\"Miss\u00f5es - La Obra de la Iglesia\" \/>\n<meta property=\"og:description\" content=\"Misiones de La Obra de la Iglesia\" \/>\n<meta property=\"og:url\" content=\"https:\/\/laobradelaiglesia.org\/pt-pt\/misoes\/\" \/>\n<meta property=\"og:site_name\" content=\"La Obra de la Iglesia\" \/>\n<meta property=\"article:modified_time\" content=\"2021-07-17T13:26:37+00:00\" \/>\n<meta property=\"og:image\" content=\"https:\/\/laobradelaiglesia.org\/wp-content\/uploads\/2016\/04\/Imagen_destacada_misiones.jpg\" \/>\n\t<meta property=\"og:image:width\" content=\"400\" \/>\n\t<meta property=\"og:image:height\" content=\"250\" \/>\n\t<meta property=\"og:image:type\" content=\"image\/jpeg\" \/>\n<meta name=\"twitter:card\" content=\"summary_large_image\" \/>\n<meta name=\"twitter:label1\" content=\"Tempo estimado de leitura\" \/>\n\t<meta name=\"twitter:data1\" content=\"4 minutos\" \/>\n<script type=\"application\/ld+json\" class=\"yoast-schema-graph\">{\"@context\":\"https:\\\/\\\/schema.org\",\"@graph\":[{\"@type\":\"WebPage\",\"@id\":\"https:\\\/\\\/laobradelaiglesia.org\\\/pt-pt\\\/misoes\\\/\",\"url\":\"https:\\\/\\\/laobradelaiglesia.org\\\/pt-pt\\\/misoes\\\/\",\"name\":\"Miss\u00f5es - La Obra de la Iglesia\",\"isPartOf\":{\"@id\":\"https:\\\/\\\/laobradelaiglesia.org\\\/pt-pt\\\/#website\"},\"primaryImageOfPage\":{\"@id\":\"https:\\\/\\\/laobradelaiglesia.org\\\/pt-pt\\\/misoes\\\/#primaryimage\"},\"image\":{\"@id\":\"https:\\\/\\\/laobradelaiglesia.org\\\/pt-pt\\\/misoes\\\/#primaryimage\"},\"thumbnailUrl\":\"https:\\\/\\\/laobradelaiglesia.org\\\/wp-content\\\/uploads\\\/2016\\\/04\\\/Imagen_destacada_misiones.jpg\",\"datePublished\":\"2015-09-12T08:40:03+00:00\",\"dateModified\":\"2021-07-17T13:26:37+00:00\",\"description\":\"Misiones de La Obra de la Iglesia\",\"breadcrumb\":{\"@id\":\"https:\\\/\\\/laobradelaiglesia.org\\\/pt-pt\\\/misoes\\\/#breadcrumb\"},\"inLanguage\":\"pt-PT\",\"potentialAction\":[{\"@type\":\"ReadAction\",\"target\":[\"https:\\\/\\\/laobradelaiglesia.org\\\/pt-pt\\\/misoes\\\/\"]}]},{\"@type\":\"ImageObject\",\"inLanguage\":\"pt-PT\",\"@id\":\"https:\\\/\\\/laobradelaiglesia.org\\\/pt-pt\\\/misoes\\\/#primaryimage\",\"url\":\"https:\\\/\\\/laobradelaiglesia.org\\\/wp-content\\\/uploads\\\/2016\\\/04\\\/Imagen_destacada_misiones.jpg\",\"contentUrl\":\"https:\\\/\\\/laobradelaiglesia.org\\\/wp-content\\\/uploads\\\/2016\\\/04\\\/Imagen_destacada_misiones.jpg\",\"width\":400,\"height\":250},{\"@type\":\"BreadcrumbList\",\"@id\":\"https:\\\/\\\/laobradelaiglesia.org\\\/pt-pt\\\/misoes\\\/#breadcrumb\",\"itemListElement\":[{\"@type\":\"ListItem\",\"position\":1,\"name\":\"Portada\",\"item\":\"https:\\\/\\\/laobradelaiglesia.org\\\/pt-pt\\\/\"},{\"@type\":\"ListItem\",\"position\":2,\"name\":\"Miss\u00f5es\"}]},{\"@type\":\"WebSite\",\"@id\":\"https:\\\/\\\/laobradelaiglesia.org\\\/pt-pt\\\/#website\",\"url\":\"https:\\\/\\\/laobradelaiglesia.org\\\/pt-pt\\\/\",\"name\":\"La Obra de la Iglesia\",\"description\":\"Sitio Web de La Obra de la Iglesia\",\"potentialAction\":[{\"@type\":\"SearchAction\",\"target\":{\"@type\":\"EntryPoint\",\"urlTemplate\":\"https:\\\/\\\/laobradelaiglesia.org\\\/pt-pt\\\/?s={search_term_string}\"},\"query-input\":{\"@type\":\"PropertyValueSpecification\",\"valueRequired\":true,\"valueName\":\"search_term_string\"}}],\"inLanguage\":\"pt-PT\"}]}<\/script>\n<!-- \/ Yoast SEO plugin. -->","yoast_head_json":{"title":"Miss\u00f5es - La Obra de la Iglesia","description":"Misiones de La Obra de la Iglesia","robots":{"index":"index","follow":"follow","max-snippet":"max-snippet:-1","max-image-preview":"max-image-preview:large","max-video-preview":"max-video-preview:-1"},"canonical":"https:\/\/laobradelaiglesia.org\/pt-pt\/misoes\/","og_locale":"pt_PT","og_type":"article","og_title":"Miss\u00f5es - La Obra de la Iglesia","og_description":"Misiones de La Obra de la Iglesia","og_url":"https:\/\/laobradelaiglesia.org\/pt-pt\/misoes\/","og_site_name":"La Obra de la Iglesia","article_modified_time":"2021-07-17T13:26:37+00:00","og_image":[{"width":400,"height":250,"url":"https:\/\/laobradelaiglesia.org\/wp-content\/uploads\/2016\/04\/Imagen_destacada_misiones.jpg","type":"image\/jpeg"}],"twitter_card":"summary_large_image","twitter_misc":{"Tempo estimado de leitura":"4 minutos"},"schema":{"@context":"https:\/\/schema.org","@graph":[{"@type":"WebPage","@id":"https:\/\/laobradelaiglesia.org\/pt-pt\/misoes\/","url":"https:\/\/laobradelaiglesia.org\/pt-pt\/misoes\/","name":"Miss\u00f5es - La Obra de la Iglesia","isPartOf":{"@id":"https:\/\/laobradelaiglesia.org\/pt-pt\/#website"},"primaryImageOfPage":{"@id":"https:\/\/laobradelaiglesia.org\/pt-pt\/misoes\/#primaryimage"},"image":{"@id":"https:\/\/laobradelaiglesia.org\/pt-pt\/misoes\/#primaryimage"},"thumbnailUrl":"https:\/\/laobradelaiglesia.org\/wp-content\/uploads\/2016\/04\/Imagen_destacada_misiones.jpg","datePublished":"2015-09-12T08:40:03+00:00","dateModified":"2021-07-17T13:26:37+00:00","description":"Misiones de La Obra de la Iglesia","breadcrumb":{"@id":"https:\/\/laobradelaiglesia.org\/pt-pt\/misoes\/#breadcrumb"},"inLanguage":"pt-PT","potentialAction":[{"@type":"ReadAction","target":["https:\/\/laobradelaiglesia.org\/pt-pt\/misoes\/"]}]},{"@type":"ImageObject","inLanguage":"pt-PT","@id":"https:\/\/laobradelaiglesia.org\/pt-pt\/misoes\/#primaryimage","url":"https:\/\/laobradelaiglesia.org\/wp-content\/uploads\/2016\/04\/Imagen_destacada_misiones.jpg","contentUrl":"https:\/\/laobradelaiglesia.org\/wp-content\/uploads\/2016\/04\/Imagen_destacada_misiones.jpg","width":400,"height":250},{"@type":"BreadcrumbList","@id":"https:\/\/laobradelaiglesia.org\/pt-pt\/misoes\/#breadcrumb","itemListElement":[{"@type":"ListItem","position":1,"name":"Portada","item":"https:\/\/laobradelaiglesia.org\/pt-pt\/"},{"@type":"ListItem","position":2,"name":"Miss\u00f5es"}]},{"@type":"WebSite","@id":"https:\/\/laobradelaiglesia.org\/pt-pt\/#website","url":"https:\/\/laobradelaiglesia.org\/pt-pt\/","name":"La Obra de la Iglesia","description":"Sitio Web de La Obra de la Iglesia","potentialAction":[{"@type":"SearchAction","target":{"@type":"EntryPoint","urlTemplate":"https:\/\/laobradelaiglesia.org\/pt-pt\/?s={search_term_string}"},"query-input":{"@type":"PropertyValueSpecification","valueRequired":true,"valueName":"search_term_string"}}],"inLanguage":"pt-PT"}]}},"_links":{"self":[{"href":"https:\/\/laobradelaiglesia.org\/pt-pt\/wp-json\/wp\/v2\/pages\/26126","targetHints":{"allow":["GET"]}}],"collection":[{"href":"https:\/\/laobradelaiglesia.org\/pt-pt\/wp-json\/wp\/v2\/pages"}],"about":[{"href":"https:\/\/laobradelaiglesia.org\/pt-pt\/wp-json\/wp\/v2\/types\/page"}],"author":[{"embeddable":true,"href":"https:\/\/laobradelaiglesia.org\/pt-pt\/wp-json\/wp\/v2\/users\/1"}],"replies":[{"embeddable":true,"href":"https:\/\/laobradelaiglesia.org\/pt-pt\/wp-json\/wp\/v2\/comments?post=26126"}],"version-history":[{"count":0,"href":"https:\/\/laobradelaiglesia.org\/pt-pt\/wp-json\/wp\/v2\/pages\/26126\/revisions"}],"wp:featuredmedia":[{"embeddable":true,"href":"https:\/\/laobradelaiglesia.org\/pt-pt\/wp-json\/wp\/v2\/media\/12476"}],"wp:attachment":[{"href":"https:\/\/laobradelaiglesia.org\/pt-pt\/wp-json\/wp\/v2\/media?parent=26126"}],"curies":[{"name":"wp","href":"https:\/\/api.w.org\/{rel}","templated":true}]}}