{"id":23009,"date":"2018-09-18T17:06:29","date_gmt":"2018-09-18T17:06:29","guid":{"rendered":"https:\/\/laobradelaiglesia.org\/?page_id=23009\/"},"modified":"2021-03-27T18:21:19","modified_gmt":"2021-03-27T18:21:19","slug":"politique-des-cookies","status":"publish","type":"page","link":"https:\/\/laobradelaiglesia.org\/fr\/politique-des-cookies\/","title":{"rendered":"Politique des cookies"},"content":{"rendered":"<div class=\"fusion-fullwidth fullwidth-box fusion-builder-row-1 fusion-flex-container hundred-percent-fullwidth non-hundred-percent-height-scrolling\" style=\"--awb-border-radius-top-left:0px;--awb-border-radius-top-right:0px;--awb-border-radius-bottom-right:0px;--awb-border-radius-bottom-left:0px;--awb-overflow:visible;--awb-flex-wrap:wrap;\" ><div class=\"fusion-builder-row fusion-row fusion-flex-align-items-flex-start fusion-flex-content-wrap\" style=\"width:calc( 100% + 0px ) !important;max-width:calc( 100% + 0px ) !important;margin-left: calc(-0px \/ 2 );margin-right: calc(-0px \/ 2 );\"><div class=\"fusion-layout-column fusion_builder_column fusion-builder-column-0 fusion_builder_column_1_1 1_1 fusion-flex-column fusion-flex-align-self-flex-start fusion-column-no-min-height\" style=\"--awb-bg-size:cover;--awb-width-large:100%;--awb-margin-top-large:0px;--awb-spacing-right-large:0px;--awb-margin-bottom-large:0px;--awb-spacing-left-large:0px;--awb-width-medium:100%;--awb-spacing-right-medium:0px;--awb-spacing-left-medium:0px;--awb-width-small:100%;--awb-spacing-right-small:0px;--awb-spacing-left-small:0px;\"><div class=\"fusion-column-wrapper fusion-flex-justify-content-flex-start fusion-content-layout-column\"><div class=\"fusion-text fusion-text-1\"><h1>Politique des cookies<\/h1>\n<p style=\"text-align: justify;\">Un <em>cookie<\/em> est un petit fichier texte qui peut \u00eatre d\u00e9pos\u00e9 dans votre navigateur lorsque vous consultez un site internet. Le site est d\u00e8s lors capable de se souvenir de votre visite lorsque vous revenez sur cette page. Les cookies stockent g\u00e9n\u00e9ralement des informations de nature technique, des pr\u00e9f\u00e9rences d\u2019affichage et de personnalisation du contenu, certaines statistiques de connexion, des liens vers les r\u00e9seaux sociaux, l&rsquo;acc\u00e8s \u00e0 des comptes d&rsquo;utilisateurs, etc. L\u2019utilit\u00e9 du cookie est d&rsquo;adapter le contenu du site \u00e0 votre profil et \u00e0 vos besoins ; sans cookies, les fonctionnalit\u00e9s offertes par le site seraient consid\u00e9rablement r\u00e9duites.<\/span><\/p>\n<h2>Cookies utilis\u00e9s dans ce site<\/h2>\n<p style=\"text-align: justify;\">Conform\u00e9ment aux directives de l\u2019Agence Espagnole pour la Protection des Donn\u00e9es (AEPD), nous vous informons de la mani\u00e8re la plus d\u00e9taill\u00e9e possible de l\u2019objet des cookies d\u00e9pos\u00e9s sur ce site.<\/span><\/p>\n<p style=\"text-align: justify;\">Ce site utilise <strong>nos propres cookies <\/strong>:<\/span><\/p>\n<ul>\n<li>\n<p style=\"text-align: justify;\">Les cookies de session, qui garantissent que les utilisateurs qui postent des commentaires sur le blog sont des personnes et non des applications automatis\u00e9es. Cela pour \u00e9viter les spams.<\/span><\/p>\n<\/li>\n<\/ul>\n<p style=\"text-align: justify;\">Ce site utilise les <strong>cookies \u00e9manant de tiers <\/strong>:<\/span><\/p>\n<ul>\n<li>\n<p style=\"text-align: justify;\">Google Analytics met en \u0153uvre des cookies afin d\u2019\u00e9tablir des statistiques de fr\u00e9quentation du site. En utilisant ce site, vous acceptez que des informations vous concernant soient trait\u00e9es par Google. Par cons\u00e9quent, l\u2019exercice de vos droits \u00e0 cet \u00e9gard sera accessible directement aupr\u00e8s de Google.<\/span><\/p>\n<\/li>\n<li>\n<p style=\"text-align: justify;\">R\u00e9seaux sociaux : chaque r\u00e9seau social utilise ses propres cookies pour que vous puissiez cliquer sur les boutons comme <em>J&rsquo;aime<\/em> ou <em>Partager<\/em>.<\/span><\/p>\n<\/li>\n<\/ul>\n<h2>D\u00e9sactiver ou supprimer les cookies<\/h2>\n<p style=\"text-align: justify;\">Vous pouvez exercer \u00e0 tout moment votre droit de d\u00e9sactiver ou supprimer les cookies de ce site. La mani\u00e8re dont s\u2019effectuent ces actions d\u00e9pend des r\u00e9glages de votre navigateur. <\/span><\/p>\n<p><a href=\"https:\/\/laobradelaiglesia.org\/mas-informacion-sobre-las-cookies\/\">Ici un guide rapide pour les navigateurs les plus utilis\u00e9s<\/a>.<\/p>\n<h2>Notes compl\u00e9mentaires<\/h2>\n<ul>\n<li>\n<p style=\"text-align: justify;\">Ni ce site ni ses repr\u00e9sentants l\u00e9gaux ne sont responsables des termes de la politique de confidentialit\u00e9 d\u00e9finie par les tiers mentionn\u00e9s dans la pr\u00e9sente politique des <em>cookies<\/em>.<\/span><\/p>\n<\/li>\n<li>\n<p style=\"text-align: justify;\">La gestion des cookies est assur\u00e9e par votre navigateur Internet, vous pouvez en modifier les r\u00e9glages pour exercer votre droit de les supprimer ou de les d\u00e9sactiver. Ni ce site ni ses repr\u00e9sentants l\u00e9gaux ne peuvent garantir la bonne configuration des diff\u00e9rents navigateurs en mati\u00e8re de cookies.<\/span><\/p>\n<\/li>\n<li>\n<p style=\"text-align: justify;\">Il est parfois n\u00e9cessaire d&rsquo;installer des cookies pour que le votre navigateur prenne bien en compte votre refus d\u2019accepter des cookies.<\/span><\/p>\n<\/li>\n<li>\n<p style=\"text-align: justify;\">L\u2019entreprise Google Analytics d\u00e9pose ses cookies sur des serveurs situ\u00e9s aux \u00c9tats-Unis et s&rsquo;engage \u00e0 ne pas les partager avec des tiers, sauf s\u2019ils sont indispensables au fonctionnement du syst\u00e8me ou lorsque la r\u00e9glementation en vigueur l&rsquo;exige. Cette entreprise adh\u00e8re \u00e0 l&rsquo;accord Safe Harbor qui garantit que toutes les donn\u00e9es transf\u00e9r\u00e9es seront trait\u00e9es avec un niveau de protection conforme aux directives europ\u00e9ennes. Vous pouvez consulter des informations d\u00e9taill\u00e9es \u00e0 cet \u00e9gard  <a href=\"https:\/\/www.export.gov\/safeharbor_eu\" target=\"_blank\" rel=\"noopener\">sur ce lien<\/a>. Des informations sur l&rsquo;utilisation des cookies par Google sont accessibles via cets <a href=\"https:\/\/developers.google.com\/analytics\/devguides\/collection\/analyticsjs\/cookie-usage?hl=es&amp;csw=1\" target=\"_blank\" rel=\"noopener\">autre lien<\/a>.<\/span><\/p>\n<\/li>\n<li>\n<p style=\"text-align: justify;\">Pour toute question ou renseignement concernant cette politique de cookies, n&rsquo;h\u00e9sitez pas \u00e0 nous contacter via la section contact.<\/span><\/p>\n<\/li>\n<\/ul>\n<\/div><\/div><\/div><\/div><\/div>\n","protected":false},"excerpt":{"rendered":"","protected":false},"author":36,"featured_media":0,"parent":0,"menu_order":0,"comment_status":"open","ping_status":"open","template":"","meta":{"footnotes":""},"class_list":["post-23009","page","type-page","status-publish","hentry"],"yoast_head":"<!-- This site is optimized with the Yoast SEO plugin v27.6 - https:\/\/yoast.com\/product\/yoast-seo-wordpress\/ -->\n<title>Politique des cookies - La Obra de la Iglesia<\/title>\n<meta name=\"robots\" content=\"index, follow, max-snippet:-1, max-image-preview:large, max-video-preview:-1\" \/>\n<link rel=\"canonical\" href=\"https:\/\/laobradelaiglesia.org\/fr\/politique-des-cookies\/\" \/>\n<meta property=\"og:locale\" content=\"fr_FR\" \/>\n<meta property=\"og:type\" content=\"article\" \/>\n<meta property=\"og:title\" content=\"Politique des cookies - La Obra de la Iglesia\" \/>\n<meta property=\"og:url\" content=\"https:\/\/laobradelaiglesia.org\/fr\/politique-des-cookies\/\" \/>\n<meta property=\"og:site_name\" content=\"La Obra de la Iglesia\" \/>\n<meta property=\"article:modified_time\" content=\"2021-03-27T18:21:19+00:00\" \/>\n<meta name=\"twitter:card\" content=\"summary_large_image\" \/>\n<meta name=\"twitter:label1\" content=\"Dur\u00e9e de lecture estim\u00e9e\" \/>\n\t<meta name=\"twitter:data1\" content=\"3 minutes\" \/>\n<script type=\"application\/ld+json\" class=\"yoast-schema-graph\">{\"@context\":\"https:\\\/\\\/schema.org\",\"@graph\":[{\"@type\":\"WebPage\",\"@id\":\"https:\\\/\\\/laobradelaiglesia.org\\\/fr\\\/politique-des-cookies\\\/\",\"url\":\"https:\\\/\\\/laobradelaiglesia.org\\\/fr\\\/politique-des-cookies\\\/\",\"name\":\"Politique des cookies - La Obra de la Iglesia\",\"isPartOf\":{\"@id\":\"https:\\\/\\\/laobradelaiglesia.org\\\/fr\\\/#website\"},\"datePublished\":\"2018-09-18T17:06:29+00:00\",\"dateModified\":\"2021-03-27T18:21:19+00:00\",\"breadcrumb\":{\"@id\":\"https:\\\/\\\/laobradelaiglesia.org\\\/fr\\\/politique-des-cookies\\\/#breadcrumb\"},\"inLanguage\":\"fr-FR\",\"potentialAction\":[{\"@type\":\"ReadAction\",\"target\":[\"https:\\\/\\\/laobradelaiglesia.org\\\/fr\\\/politique-des-cookies\\\/\"]}]},{\"@type\":\"BreadcrumbList\",\"@id\":\"https:\\\/\\\/laobradelaiglesia.org\\\/fr\\\/politique-des-cookies\\\/#breadcrumb\",\"itemListElement\":[{\"@type\":\"ListItem\",\"position\":1,\"name\":\"Portada\",\"item\":\"https:\\\/\\\/laobradelaiglesia.org\\\/fr\\\/\"},{\"@type\":\"ListItem\",\"position\":2,\"name\":\"Politique des cookies\"}]},{\"@type\":\"WebSite\",\"@id\":\"https:\\\/\\\/laobradelaiglesia.org\\\/fr\\\/#website\",\"url\":\"https:\\\/\\\/laobradelaiglesia.org\\\/fr\\\/\",\"name\":\"La Obra de la Iglesia\",\"description\":\"Sitio Web de La Obra de la Iglesia\",\"potentialAction\":[{\"@type\":\"SearchAction\",\"target\":{\"@type\":\"EntryPoint\",\"urlTemplate\":\"https:\\\/\\\/laobradelaiglesia.org\\\/fr\\\/?s={search_term_string}\"},\"query-input\":{\"@type\":\"PropertyValueSpecification\",\"valueRequired\":true,\"valueName\":\"search_term_string\"}}],\"inLanguage\":\"fr-FR\"}]}<\/script>\n<!-- \/ Yoast SEO plugin. -->","yoast_head_json":{"title":"Politique des cookies - La Obra de la Iglesia","robots":{"index":"index","follow":"follow","max-snippet":"max-snippet:-1","max-image-preview":"max-image-preview:large","max-video-preview":"max-video-preview:-1"},"canonical":"https:\/\/laobradelaiglesia.org\/fr\/politique-des-cookies\/","og_locale":"fr_FR","og_type":"article","og_title":"Politique des cookies - La Obra de la Iglesia","og_url":"https:\/\/laobradelaiglesia.org\/fr\/politique-des-cookies\/","og_site_name":"La Obra de la Iglesia","article_modified_time":"2021-03-27T18:21:19+00:00","twitter_card":"summary_large_image","twitter_misc":{"Dur\u00e9e de lecture estim\u00e9e":"3 minutes"},"schema":{"@context":"https:\/\/schema.org","@graph":[{"@type":"WebPage","@id":"https:\/\/laobradelaiglesia.org\/fr\/politique-des-cookies\/","url":"https:\/\/laobradelaiglesia.org\/fr\/politique-des-cookies\/","name":"Politique des cookies - La Obra de la Iglesia","isPartOf":{"@id":"https:\/\/laobradelaiglesia.org\/fr\/#website"},"datePublished":"2018-09-18T17:06:29+00:00","dateModified":"2021-03-27T18:21:19+00:00","breadcrumb":{"@id":"https:\/\/laobradelaiglesia.org\/fr\/politique-des-cookies\/#breadcrumb"},"inLanguage":"fr-FR","potentialAction":[{"@type":"ReadAction","target":["https:\/\/laobradelaiglesia.org\/fr\/politique-des-cookies\/"]}]},{"@type":"BreadcrumbList","@id":"https:\/\/laobradelaiglesia.org\/fr\/politique-des-cookies\/#breadcrumb","itemListElement":[{"@type":"ListItem","position":1,"name":"Portada","item":"https:\/\/laobradelaiglesia.org\/fr\/"},{"@type":"ListItem","position":2,"name":"Politique des cookies"}]},{"@type":"WebSite","@id":"https:\/\/laobradelaiglesia.org\/fr\/#website","url":"https:\/\/laobradelaiglesia.org\/fr\/","name":"La Obra de la Iglesia","description":"Sitio Web de La Obra de la Iglesia","potentialAction":[{"@type":"SearchAction","target":{"@type":"EntryPoint","urlTemplate":"https:\/\/laobradelaiglesia.org\/fr\/?s={search_term_string}"},"query-input":{"@type":"PropertyValueSpecification","valueRequired":true,"valueName":"search_term_string"}}],"inLanguage":"fr-FR"}]}},"_links":{"self":[{"href":"https:\/\/laobradelaiglesia.org\/fr\/wp-json\/wp\/v2\/pages\/23009","targetHints":{"allow":["GET"]}}],"collection":[{"href":"https:\/\/laobradelaiglesia.org\/fr\/wp-json\/wp\/v2\/pages"}],"about":[{"href":"https:\/\/laobradelaiglesia.org\/fr\/wp-json\/wp\/v2\/types\/page"}],"author":[{"embeddable":true,"href":"https:\/\/laobradelaiglesia.org\/fr\/wp-json\/wp\/v2\/users\/36"}],"replies":[{"embeddable":true,"href":"https:\/\/laobradelaiglesia.org\/fr\/wp-json\/wp\/v2\/comments?post=23009"}],"version-history":[{"count":0,"href":"https:\/\/laobradelaiglesia.org\/fr\/wp-json\/wp\/v2\/pages\/23009\/revisions"}],"wp:attachment":[{"href":"https:\/\/laobradelaiglesia.org\/fr\/wp-json\/wp\/v2\/media?parent=23009"}],"curies":[{"name":"wp","href":"https:\/\/api.w.org\/{rel}","templated":true}]}}